{"id":6293,"date":"2021-01-22T15:11:45","date_gmt":"2021-01-22T14:11:45","guid":{"rendered":"https:\/\/www.burban-palettes.com\/?post_type=product&#038;p=6293"},"modified":"2024-05-30T12:00:43","modified_gmt":"2024-05-30T10:00:43","slug":"palettes-600x800-legeres-plots-rasants-neuves-ou-recyclees","status":"publish","type":"product","link":"https:\/\/www.burban-palettes.com\/en\/product\/palettes-600x800-legeres-plots-rasants-neuves-ou-recyclees\/","title":{"rendered":"Palettes 600X800 L\u00e9g\u00e8res Plots Rasants (Neuves ou Recycl\u00e9es)"},"content":{"rendered":"","protected":false},"excerpt":{"rendered":"<p>Palettes 600X800 L\u00e9g\u00e8res Plots Rasants (Neuves ou Recycl\u00e9es)<br \/>\nR\u00e9f. PMINI 60X80 3 semelles bords francs<\/p>\n","protected":false},"featured_media":6294,"template":"","meta":{"_acf_changed":false,"inline_featured_image":false},"product_brand":[],"product_cat":[45,61,54],"product_tag":[],"class_list":{"0":"post-6293","1":"product","2":"type-product","3":"status-publish","4":"has-post-thumbnail","6":"product_cat-200kg","7":"product_cat-600x800","8":"product_cat-bois","10":"first","11":"instock","12":"virtual","13":"product-type-simple"},"acf":[],"yoast_head":"<!-- This site is optimized with the Yoast SEO plugin v27.3 - https:\/\/yoast.com\/product\/yoast-seo-wordpress\/ -->\n<title>Palettes 600X800 L\u00e9g\u00e8res Plots Rasants (Neuves ou Recycl\u00e9es) | BURBAN PALETTES<\/title>\n<meta name=\"description\" content=\"D\u00e9couvrez notre mod\u00e8le de Palettes L\u00e9g\u00e8res Plots Rasants (Neuves ou Recycl\u00e9es). Burban Palettes, vente et recyclage de palettes.\" \/>\n<meta name=\"robots\" content=\"index, follow, max-snippet:-1, max-image-preview:large, max-video-preview:-1\" \/>\n<link rel=\"canonical\" href=\"https:\/\/www.burban-palettes.com\/produit\/palettes-600x800-legeres-plots-rasants-neuves-ou-recyclees\/\" \/>\n<meta property=\"og:locale\" content=\"en_US\" \/>\n<meta property=\"og:type\" content=\"article\" \/>\n<meta property=\"og:title\" content=\"Palettes 600X800 L\u00e9g\u00e8res Plots Rasants (Neuves ou Recycl\u00e9es) | BURBAN PALETTES\" \/>\n<meta property=\"og:description\" content=\"D\u00e9couvrez notre mod\u00e8le de Palettes L\u00e9g\u00e8res Plots Rasants (Neuves ou Recycl\u00e9es). Burban Palettes, vente et recyclage de palettes.\" \/>\n<meta property=\"og:url\" content=\"https:\/\/www.burban-palettes.com\/produit\/palettes-600x800-legeres-plots-rasants-neuves-ou-recyclees\/\" \/>\n<meta property=\"og:site_name\" content=\"BURBAN PALETTES\" \/>\n<meta property=\"article:modified_time\" content=\"2024-05-30T10:00:43+00:00\" \/>\n<meta property=\"og:image\" content=\"https:\/\/www.burban-palettes.com\/wp-content\/uploads\/2021\/01\/PALETTES-600X800-LEGERE-PLOTS-RASANTS-2-59978654.jpg\" \/>\n\t<meta property=\"og:image:width\" content=\"490\" \/>\n\t<meta property=\"og:image:height\" content=\"255\" \/>\n\t<meta property=\"og:image:type\" content=\"image\/jpeg\" \/>\n<meta name=\"twitter:card\" content=\"summary_large_image\" \/>\n<meta name=\"twitter:site\" content=\"@Burban_Palettes\" \/>\n<meta name=\"twitter:label1\" content=\"Est. reading time\" \/>\n\t<meta name=\"twitter:data1\" content=\"1 minute\" \/>\n<script type=\"application\/ld+json\" class=\"yoast-schema-graph\">{\"@context\":\"https:\\\/\\\/schema.org\",\"@graph\":[{\"@type\":\"WebPage\",\"@id\":\"https:\\\/\\\/www.burban-palettes.com\\\/produit\\\/palettes-600x800-legeres-plots-rasants-neuves-ou-recyclees\\\/\",\"url\":\"https:\\\/\\\/www.burban-palettes.com\\\/produit\\\/palettes-600x800-legeres-plots-rasants-neuves-ou-recyclees\\\/\",\"name\":\"Palettes 600X800 L\u00e9g\u00e8res Plots Rasants (Neuves ou Recycl\u00e9es) | BURBAN PALETTES\",\"isPartOf\":{\"@id\":\"https:\\\/\\\/www.burban-palettes.com\\\/#website\"},\"primaryImageOfPage\":{\"@id\":\"https:\\\/\\\/www.burban-palettes.com\\\/produit\\\/palettes-600x800-legeres-plots-rasants-neuves-ou-recyclees\\\/#primaryimage\"},\"image\":{\"@id\":\"https:\\\/\\\/www.burban-palettes.com\\\/produit\\\/palettes-600x800-legeres-plots-rasants-neuves-ou-recyclees\\\/#primaryimage\"},\"thumbnailUrl\":\"https:\\\/\\\/www.burban-palettes.com\\\/wp-content\\\/uploads\\\/2021\\\/01\\\/PALETTES-600X800-LEGERE-PLOTS-RASANTS-2-59978654.jpg\",\"datePublished\":\"2021-01-22T14:11:45+00:00\",\"dateModified\":\"2024-05-30T10:00:43+00:00\",\"description\":\"D\u00e9couvrez notre mod\u00e8le de Palettes L\u00e9g\u00e8res Plots Rasants (Neuves ou Recycl\u00e9es). Burban Palettes, vente et recyclage de palettes.\",\"breadcrumb\":{\"@id\":\"https:\\\/\\\/www.burban-palettes.com\\\/produit\\\/palettes-600x800-legeres-plots-rasants-neuves-ou-recyclees\\\/#breadcrumb\"},\"inLanguage\":\"en-US\",\"potentialAction\":[{\"@type\":\"ReadAction\",\"target\":[\"https:\\\/\\\/www.burban-palettes.com\\\/produit\\\/palettes-600x800-legeres-plots-rasants-neuves-ou-recyclees\\\/\"]}]},{\"@type\":\"ImageObject\",\"inLanguage\":\"en-US\",\"@id\":\"https:\\\/\\\/www.burban-palettes.com\\\/produit\\\/palettes-600x800-legeres-plots-rasants-neuves-ou-recyclees\\\/#primaryimage\",\"url\":\"https:\\\/\\\/www.burban-palettes.com\\\/wp-content\\\/uploads\\\/2021\\\/01\\\/PALETTES-600X800-LEGERE-PLOTS-RASANTS-2-59978654.jpg\",\"contentUrl\":\"https:\\\/\\\/www.burban-palettes.com\\\/wp-content\\\/uploads\\\/2021\\\/01\\\/PALETTES-600X800-LEGERE-PLOTS-RASANTS-2-59978654.jpg\",\"width\":490,\"height\":255,\"caption\":\"BURBAN PALETTES - Palette l\u00e9g\u00e8re plots rasants - neuve ou recycl\u00e9e\"},{\"@type\":\"BreadcrumbList\",\"@id\":\"https:\\\/\\\/www.burban-palettes.com\\\/produit\\\/palettes-600x800-legeres-plots-rasants-neuves-ou-recyclees\\\/#breadcrumb\",\"itemListElement\":[{\"@type\":\"ListItem\",\"position\":1,\"name\":\"Accueil\",\"item\":\"https:\\\/\\\/www.burban-palettes.com\\\/\"},{\"@type\":\"ListItem\",\"position\":2,\"name\":\"Boutique\",\"item\":\"https:\\\/\\\/www.burban-palettes.com\\\/en\\\/boutique\\\/\"},{\"@type\":\"ListItem\",\"position\":3,\"name\":\"Palettes 600X800 L\u00e9g\u00e8res Plots Rasants (Neuves ou Recycl\u00e9es)\"}]},{\"@type\":\"WebSite\",\"@id\":\"https:\\\/\\\/www.burban-palettes.com\\\/#website\",\"url\":\"https:\\\/\\\/www.burban-palettes.com\\\/\",\"name\":\"BURBAN PALETTES\",\"description\":\"Sp\u00e9cialiste de la collecte, du tri et de la r\u00e9paration de palettes\",\"publisher\":{\"@id\":\"https:\\\/\\\/www.burban-palettes.com\\\/#organization\"},\"alternateName\":\"BURBAN PALETTES\",\"potentialAction\":[{\"@type\":\"SearchAction\",\"target\":{\"@type\":\"EntryPoint\",\"urlTemplate\":\"https:\\\/\\\/www.burban-palettes.com\\\/?s={search_term_string}\"},\"query-input\":{\"@type\":\"PropertyValueSpecification\",\"valueRequired\":true,\"valueName\":\"search_term_string\"}}],\"inLanguage\":\"en-US\"},{\"@type\":\"Organization\",\"@id\":\"https:\\\/\\\/www.burban-palettes.com\\\/#organization\",\"name\":\"BURBAN PALETTES\",\"url\":\"https:\\\/\\\/www.burban-palettes.com\\\/\",\"logo\":{\"@type\":\"ImageObject\",\"inLanguage\":\"en-US\",\"@id\":\"https:\\\/\\\/www.burban-palettes.com\\\/#\\\/schema\\\/logo\\\/image\\\/\",\"url\":\"https:\\\/\\\/www.burban-palettes.com\\\/wp-content\\\/uploads\\\/2021\\\/01\\\/burban-palettes-logotype.png\",\"contentUrl\":\"https:\\\/\\\/www.burban-palettes.com\\\/wp-content\\\/uploads\\\/2021\\\/01\\\/burban-palettes-logotype.png\",\"width\":300,\"height\":267,\"caption\":\"BURBAN PALETTES\"},\"image\":{\"@id\":\"https:\\\/\\\/www.burban-palettes.com\\\/#\\\/schema\\\/logo\\\/image\\\/\"},\"sameAs\":[\"https:\\\/\\\/x.com\\\/Burban_Palettes\",\"https:\\\/\\\/www.linkedin.com\\\/company\\\/burban-palettes-recyclage\\\/\",\"https:\\\/\\\/www.youtube.com\\\/channel\\\/UCLBD-iHfRcI6r3o9lrB_D2w\"]}]}<\/script>\n<!-- \/ Yoast SEO plugin. -->","yoast_head_json":{"title":"Palettes 600X800 L\u00e9g\u00e8res Plots Rasants (Neuves ou Recycl\u00e9es) | BURBAN PALETTES","description":"D\u00e9couvrez notre mod\u00e8le de Palettes L\u00e9g\u00e8res Plots Rasants (Neuves ou Recycl\u00e9es). Burban Palettes, vente et recyclage de palettes.","robots":{"index":"index","follow":"follow","max-snippet":"max-snippet:-1","max-image-preview":"max-image-preview:large","max-video-preview":"max-video-preview:-1"},"canonical":"https:\/\/www.burban-palettes.com\/produit\/palettes-600x800-legeres-plots-rasants-neuves-ou-recyclees\/","og_locale":"en_US","og_type":"article","og_title":"Palettes 600X800 L\u00e9g\u00e8res Plots Rasants (Neuves ou Recycl\u00e9es) | BURBAN PALETTES","og_description":"D\u00e9couvrez notre mod\u00e8le de Palettes L\u00e9g\u00e8res Plots Rasants (Neuves ou Recycl\u00e9es). Burban Palettes, vente et recyclage de palettes.","og_url":"https:\/\/www.burban-palettes.com\/produit\/palettes-600x800-legeres-plots-rasants-neuves-ou-recyclees\/","og_site_name":"BURBAN PALETTES","article_modified_time":"2024-05-30T10:00:43+00:00","og_image":[{"width":490,"height":255,"url":"https:\/\/www.burban-palettes.com\/wp-content\/uploads\/2021\/01\/PALETTES-600X800-LEGERE-PLOTS-RASANTS-2-59978654.jpg","type":"image\/jpeg"}],"twitter_card":"summary_large_image","twitter_site":"@Burban_Palettes","twitter_misc":{"Est. reading time":"1 minute"},"schema":{"@context":"https:\/\/schema.org","@graph":[{"@type":"WebPage","@id":"https:\/\/www.burban-palettes.com\/produit\/palettes-600x800-legeres-plots-rasants-neuves-ou-recyclees\/","url":"https:\/\/www.burban-palettes.com\/produit\/palettes-600x800-legeres-plots-rasants-neuves-ou-recyclees\/","name":"Palettes 600X800 L\u00e9g\u00e8res Plots Rasants (Neuves ou Recycl\u00e9es) | BURBAN PALETTES","isPartOf":{"@id":"https:\/\/www.burban-palettes.com\/#website"},"primaryImageOfPage":{"@id":"https:\/\/www.burban-palettes.com\/produit\/palettes-600x800-legeres-plots-rasants-neuves-ou-recyclees\/#primaryimage"},"image":{"@id":"https:\/\/www.burban-palettes.com\/produit\/palettes-600x800-legeres-plots-rasants-neuves-ou-recyclees\/#primaryimage"},"thumbnailUrl":"https:\/\/www.burban-palettes.com\/wp-content\/uploads\/2021\/01\/PALETTES-600X800-LEGERE-PLOTS-RASANTS-2-59978654.jpg","datePublished":"2021-01-22T14:11:45+00:00","dateModified":"2024-05-30T10:00:43+00:00","description":"D\u00e9couvrez notre mod\u00e8le de Palettes L\u00e9g\u00e8res Plots Rasants (Neuves ou Recycl\u00e9es). Burban Palettes, vente et recyclage de palettes.","breadcrumb":{"@id":"https:\/\/www.burban-palettes.com\/produit\/palettes-600x800-legeres-plots-rasants-neuves-ou-recyclees\/#breadcrumb"},"inLanguage":"en-US","potentialAction":[{"@type":"ReadAction","target":["https:\/\/www.burban-palettes.com\/produit\/palettes-600x800-legeres-plots-rasants-neuves-ou-recyclees\/"]}]},{"@type":"ImageObject","inLanguage":"en-US","@id":"https:\/\/www.burban-palettes.com\/produit\/palettes-600x800-legeres-plots-rasants-neuves-ou-recyclees\/#primaryimage","url":"https:\/\/www.burban-palettes.com\/wp-content\/uploads\/2021\/01\/PALETTES-600X800-LEGERE-PLOTS-RASANTS-2-59978654.jpg","contentUrl":"https:\/\/www.burban-palettes.com\/wp-content\/uploads\/2021\/01\/PALETTES-600X800-LEGERE-PLOTS-RASANTS-2-59978654.jpg","width":490,"height":255,"caption":"BURBAN PALETTES - Palette l\u00e9g\u00e8re plots rasants - neuve ou recycl\u00e9e"},{"@type":"BreadcrumbList","@id":"https:\/\/www.burban-palettes.com\/produit\/palettes-600x800-legeres-plots-rasants-neuves-ou-recyclees\/#breadcrumb","itemListElement":[{"@type":"ListItem","position":1,"name":"Accueil","item":"https:\/\/www.burban-palettes.com\/"},{"@type":"ListItem","position":2,"name":"Boutique","item":"https:\/\/www.burban-palettes.com\/en\/boutique\/"},{"@type":"ListItem","position":3,"name":"Palettes 600X800 L\u00e9g\u00e8res Plots Rasants (Neuves ou Recycl\u00e9es)"}]},{"@type":"WebSite","@id":"https:\/\/www.burban-palettes.com\/#website","url":"https:\/\/www.burban-palettes.com\/","name":"BURBAN PALETTES","description":"Sp\u00e9cialiste de la collecte, du tri et de la r\u00e9paration de palettes","publisher":{"@id":"https:\/\/www.burban-palettes.com\/#organization"},"alternateName":"BURBAN PALETTES","potentialAction":[{"@type":"SearchAction","target":{"@type":"EntryPoint","urlTemplate":"https:\/\/www.burban-palettes.com\/?s={search_term_string}"},"query-input":{"@type":"PropertyValueSpecification","valueRequired":true,"valueName":"search_term_string"}}],"inLanguage":"en-US"},{"@type":"Organization","@id":"https:\/\/www.burban-palettes.com\/#organization","name":"BURBAN PALETTES","url":"https:\/\/www.burban-palettes.com\/","logo":{"@type":"ImageObject","inLanguage":"en-US","@id":"https:\/\/www.burban-palettes.com\/#\/schema\/logo\/image\/","url":"https:\/\/www.burban-palettes.com\/wp-content\/uploads\/2021\/01\/burban-palettes-logotype.png","contentUrl":"https:\/\/www.burban-palettes.com\/wp-content\/uploads\/2021\/01\/burban-palettes-logotype.png","width":300,"height":267,"caption":"BURBAN PALETTES"},"image":{"@id":"https:\/\/www.burban-palettes.com\/#\/schema\/logo\/image\/"},"sameAs":["https:\/\/x.com\/Burban_Palettes","https:\/\/www.linkedin.com\/company\/burban-palettes-recyclage\/","https:\/\/www.youtube.com\/channel\/UCLBD-iHfRcI6r3o9lrB_D2w"]}]}},"_links":{"self":[{"href":"https:\/\/www.burban-palettes.com\/en\/wp-json\/wp\/v2\/product\/6293","targetHints":{"allow":["GET"]}}],"collection":[{"href":"https:\/\/www.burban-palettes.com\/en\/wp-json\/wp\/v2\/product"}],"about":[{"href":"https:\/\/www.burban-palettes.com\/en\/wp-json\/wp\/v2\/types\/product"}],"version-history":[{"count":2,"href":"https:\/\/www.burban-palettes.com\/en\/wp-json\/wp\/v2\/product\/6293\/revisions"}],"predecessor-version":[{"id":6496,"href":"https:\/\/www.burban-palettes.com\/en\/wp-json\/wp\/v2\/product\/6293\/revisions\/6496"}],"wp:featuredmedia":[{"embeddable":true,"href":"https:\/\/www.burban-palettes.com\/en\/wp-json\/wp\/v2\/media\/6294"}],"wp:attachment":[{"href":"https:\/\/www.burban-palettes.com\/en\/wp-json\/wp\/v2\/media?parent=6293"}],"wp:term":[{"taxonomy":"product_brand","embeddable":true,"href":"https:\/\/www.burban-palettes.com\/en\/wp-json\/wp\/v2\/product_brand?post=6293"},{"taxonomy":"product_cat","embeddable":true,"href":"https:\/\/www.burban-palettes.com\/en\/wp-json\/wp\/v2\/product_cat?post=6293"},{"taxonomy":"product_tag","embeddable":true,"href":"https:\/\/www.burban-palettes.com\/en\/wp-json\/wp\/v2\/product_tag?post=6293"}],"curies":[{"name":"wp","href":"https:\/\/api.w.org\/{rel}","templated":true}]}}