{"id":6265,"date":"2021-01-22T15:05:44","date_gmt":"2021-01-22T14:05:44","guid":{"rendered":"https:\/\/www.burban-palettes.com\/?post_type=product&#038;p=6265"},"modified":"2024-05-30T11:49:23","modified_gmt":"2024-05-30T09:49:23","slug":"palette-800x1200-legere-plancher-debordant","status":"publish","type":"product","link":"https:\/\/www.burban-palettes.com\/en\/product\/palette-800x1200-legere-plancher-debordant\/","title":{"rendered":"Palette 800X1200 L\u00e9g\u00e8re plancher d\u00e9bordant"},"content":{"rendered":"","protected":false},"excerpt":{"rendered":"<p>Palette 800X1200 L\u00e9g\u00e8re plancher d\u00e9bordant<br \/>\nR\u00e9f. PLEG 80X120 d\u00e9bordant<\/p>\n","protected":false},"featured_media":6266,"template":"","meta":{"_acf_changed":false,"inline_featured_image":false},"product_brand":[],"product_cat":[46,132,54],"product_tag":[],"class_list":{"0":"post-6265","1":"product","2":"type-product","3":"status-publish","4":"has-post-thumbnail","6":"product_cat-500kg","7":"product_cat-800-x-1200-mm","8":"product_cat-bois","10":"first","11":"instock","12":"virtual","13":"product-type-simple"},"acf":[],"yoast_head":"<!-- This site is optimized with the Yoast SEO plugin v27.3 - https:\/\/yoast.com\/product\/yoast-seo-wordpress\/ -->\n<title>Palette 800X1200 L\u00e9g\u00e8re plancher d\u00e9bordant | BURBAN PALETTES<\/title>\n<meta name=\"description\" content=\"D\u00e9couvrez notre mod\u00e8le de Palette 800X1200 L\u00e9g\u00e8re avec plancher d\u00e9bordant et 5 planches et 3 semelles. Burban Palettes, vente et recyclage de palettes.\" \/>\n<meta name=\"robots\" content=\"index, follow, max-snippet:-1, max-image-preview:large, max-video-preview:-1\" \/>\n<link rel=\"canonical\" href=\"https:\/\/www.burban-palettes.com\/produit\/palette-800x1200-legere-plancher-debordant\/\" \/>\n<meta property=\"og:locale\" content=\"en_US\" \/>\n<meta property=\"og:type\" content=\"article\" \/>\n<meta property=\"og:title\" content=\"Palette 800X1200 L\u00e9g\u00e8re plancher d\u00e9bordant | BURBAN PALETTES\" \/>\n<meta property=\"og:description\" content=\"D\u00e9couvrez notre mod\u00e8le de Palette 800X1200 L\u00e9g\u00e8re avec plancher d\u00e9bordant et 5 planches et 3 semelles. Burban Palettes, vente et recyclage de palettes.\" \/>\n<meta property=\"og:url\" content=\"https:\/\/www.burban-palettes.com\/produit\/palette-800x1200-legere-plancher-debordant\/\" \/>\n<meta property=\"og:site_name\" content=\"BURBAN PALETTES\" \/>\n<meta property=\"article:modified_time\" content=\"2024-05-30T09:49:23+00:00\" \/>\n<meta property=\"og:image\" content=\"https:\/\/www.burban-palettes.com\/wp-content\/uploads\/2021\/01\/Palette-800x1200-LEGERE-plancher-debordant-29badf46.jpg\" \/>\n\t<meta property=\"og:image:width\" content=\"490\" \/>\n\t<meta property=\"og:image:height\" content=\"255\" \/>\n\t<meta property=\"og:image:type\" content=\"image\/jpeg\" \/>\n<meta name=\"twitter:card\" content=\"summary_large_image\" \/>\n<meta name=\"twitter:site\" content=\"@Burban_Palettes\" \/>\n<meta name=\"twitter:label1\" content=\"Est. reading time\" \/>\n\t<meta name=\"twitter:data1\" content=\"1 minute\" \/>\n<script type=\"application\/ld+json\" class=\"yoast-schema-graph\">{\"@context\":\"https:\\\/\\\/schema.org\",\"@graph\":[{\"@type\":\"WebPage\",\"@id\":\"https:\\\/\\\/www.burban-palettes.com\\\/produit\\\/palette-800x1200-legere-plancher-debordant\\\/\",\"url\":\"https:\\\/\\\/www.burban-palettes.com\\\/produit\\\/palette-800x1200-legere-plancher-debordant\\\/\",\"name\":\"Palette 800X1200 L\u00e9g\u00e8re plancher d\u00e9bordant | BURBAN PALETTES\",\"isPartOf\":{\"@id\":\"https:\\\/\\\/www.burban-palettes.com\\\/#website\"},\"primaryImageOfPage\":{\"@id\":\"https:\\\/\\\/www.burban-palettes.com\\\/produit\\\/palette-800x1200-legere-plancher-debordant\\\/#primaryimage\"},\"image\":{\"@id\":\"https:\\\/\\\/www.burban-palettes.com\\\/produit\\\/palette-800x1200-legere-plancher-debordant\\\/#primaryimage\"},\"thumbnailUrl\":\"https:\\\/\\\/www.burban-palettes.com\\\/wp-content\\\/uploads\\\/2021\\\/01\\\/Palette-800x1200-LEGERE-plancher-debordant-29badf46.jpg\",\"datePublished\":\"2021-01-22T14:05:44+00:00\",\"dateModified\":\"2024-05-30T09:49:23+00:00\",\"description\":\"D\u00e9couvrez notre mod\u00e8le de Palette 800X1200 L\u00e9g\u00e8re avec plancher d\u00e9bordant et 5 planches et 3 semelles. Burban Palettes, vente et recyclage de palettes.\",\"breadcrumb\":{\"@id\":\"https:\\\/\\\/www.burban-palettes.com\\\/produit\\\/palette-800x1200-legere-plancher-debordant\\\/#breadcrumb\"},\"inLanguage\":\"en-US\",\"potentialAction\":[{\"@type\":\"ReadAction\",\"target\":[\"https:\\\/\\\/www.burban-palettes.com\\\/produit\\\/palette-800x1200-legere-plancher-debordant\\\/\"]}]},{\"@type\":\"ImageObject\",\"inLanguage\":\"en-US\",\"@id\":\"https:\\\/\\\/www.burban-palettes.com\\\/produit\\\/palette-800x1200-legere-plancher-debordant\\\/#primaryimage\",\"url\":\"https:\\\/\\\/www.burban-palettes.com\\\/wp-content\\\/uploads\\\/2021\\\/01\\\/Palette-800x1200-LEGERE-plancher-debordant-29badf46.jpg\",\"contentUrl\":\"https:\\\/\\\/www.burban-palettes.com\\\/wp-content\\\/uploads\\\/2021\\\/01\\\/Palette-800x1200-LEGERE-plancher-debordant-29badf46.jpg\",\"width\":490,\"height\":255,\"caption\":\"BURBAN PALETTES - Palette l\u00e9g\u00e8re plancher d\u00e9bordant\"},{\"@type\":\"BreadcrumbList\",\"@id\":\"https:\\\/\\\/www.burban-palettes.com\\\/produit\\\/palette-800x1200-legere-plancher-debordant\\\/#breadcrumb\",\"itemListElement\":[{\"@type\":\"ListItem\",\"position\":1,\"name\":\"Accueil\",\"item\":\"https:\\\/\\\/www.burban-palettes.com\\\/\"},{\"@type\":\"ListItem\",\"position\":2,\"name\":\"Boutique\",\"item\":\"https:\\\/\\\/www.burban-palettes.com\\\/en\\\/boutique\\\/\"},{\"@type\":\"ListItem\",\"position\":3,\"name\":\"Palette 800X1200 L\u00e9g\u00e8re plancher d\u00e9bordant\"}]},{\"@type\":\"WebSite\",\"@id\":\"https:\\\/\\\/www.burban-palettes.com\\\/#website\",\"url\":\"https:\\\/\\\/www.burban-palettes.com\\\/\",\"name\":\"BURBAN PALETTES\",\"description\":\"Sp\u00e9cialiste de la collecte, du tri et de la r\u00e9paration de palettes\",\"publisher\":{\"@id\":\"https:\\\/\\\/www.burban-palettes.com\\\/#organization\"},\"alternateName\":\"BURBAN PALETTES\",\"potentialAction\":[{\"@type\":\"SearchAction\",\"target\":{\"@type\":\"EntryPoint\",\"urlTemplate\":\"https:\\\/\\\/www.burban-palettes.com\\\/?s={search_term_string}\"},\"query-input\":{\"@type\":\"PropertyValueSpecification\",\"valueRequired\":true,\"valueName\":\"search_term_string\"}}],\"inLanguage\":\"en-US\"},{\"@type\":\"Organization\",\"@id\":\"https:\\\/\\\/www.burban-palettes.com\\\/#organization\",\"name\":\"BURBAN PALETTES\",\"url\":\"https:\\\/\\\/www.burban-palettes.com\\\/\",\"logo\":{\"@type\":\"ImageObject\",\"inLanguage\":\"en-US\",\"@id\":\"https:\\\/\\\/www.burban-palettes.com\\\/#\\\/schema\\\/logo\\\/image\\\/\",\"url\":\"https:\\\/\\\/www.burban-palettes.com\\\/wp-content\\\/uploads\\\/2021\\\/01\\\/burban-palettes-logotype.png\",\"contentUrl\":\"https:\\\/\\\/www.burban-palettes.com\\\/wp-content\\\/uploads\\\/2021\\\/01\\\/burban-palettes-logotype.png\",\"width\":300,\"height\":267,\"caption\":\"BURBAN PALETTES\"},\"image\":{\"@id\":\"https:\\\/\\\/www.burban-palettes.com\\\/#\\\/schema\\\/logo\\\/image\\\/\"},\"sameAs\":[\"https:\\\/\\\/x.com\\\/Burban_Palettes\",\"https:\\\/\\\/www.linkedin.com\\\/company\\\/burban-palettes-recyclage\\\/\",\"https:\\\/\\\/www.youtube.com\\\/channel\\\/UCLBD-iHfRcI6r3o9lrB_D2w\"]}]}<\/script>\n<!-- \/ Yoast SEO plugin. -->","yoast_head_json":{"title":"Palette 800X1200 L\u00e9g\u00e8re plancher d\u00e9bordant | BURBAN PALETTES","description":"D\u00e9couvrez notre mod\u00e8le de Palette 800X1200 L\u00e9g\u00e8re avec plancher d\u00e9bordant et 5 planches et 3 semelles. Burban Palettes, vente et recyclage de palettes.","robots":{"index":"index","follow":"follow","max-snippet":"max-snippet:-1","max-image-preview":"max-image-preview:large","max-video-preview":"max-video-preview:-1"},"canonical":"https:\/\/www.burban-palettes.com\/produit\/palette-800x1200-legere-plancher-debordant\/","og_locale":"en_US","og_type":"article","og_title":"Palette 800X1200 L\u00e9g\u00e8re plancher d\u00e9bordant | BURBAN PALETTES","og_description":"D\u00e9couvrez notre mod\u00e8le de Palette 800X1200 L\u00e9g\u00e8re avec plancher d\u00e9bordant et 5 planches et 3 semelles. Burban Palettes, vente et recyclage de palettes.","og_url":"https:\/\/www.burban-palettes.com\/produit\/palette-800x1200-legere-plancher-debordant\/","og_site_name":"BURBAN PALETTES","article_modified_time":"2024-05-30T09:49:23+00:00","og_image":[{"width":490,"height":255,"url":"https:\/\/www.burban-palettes.com\/wp-content\/uploads\/2021\/01\/Palette-800x1200-LEGERE-plancher-debordant-29badf46.jpg","type":"image\/jpeg"}],"twitter_card":"summary_large_image","twitter_site":"@Burban_Palettes","twitter_misc":{"Est. reading time":"1 minute"},"schema":{"@context":"https:\/\/schema.org","@graph":[{"@type":"WebPage","@id":"https:\/\/www.burban-palettes.com\/produit\/palette-800x1200-legere-plancher-debordant\/","url":"https:\/\/www.burban-palettes.com\/produit\/palette-800x1200-legere-plancher-debordant\/","name":"Palette 800X1200 L\u00e9g\u00e8re plancher d\u00e9bordant | BURBAN PALETTES","isPartOf":{"@id":"https:\/\/www.burban-palettes.com\/#website"},"primaryImageOfPage":{"@id":"https:\/\/www.burban-palettes.com\/produit\/palette-800x1200-legere-plancher-debordant\/#primaryimage"},"image":{"@id":"https:\/\/www.burban-palettes.com\/produit\/palette-800x1200-legere-plancher-debordant\/#primaryimage"},"thumbnailUrl":"https:\/\/www.burban-palettes.com\/wp-content\/uploads\/2021\/01\/Palette-800x1200-LEGERE-plancher-debordant-29badf46.jpg","datePublished":"2021-01-22T14:05:44+00:00","dateModified":"2024-05-30T09:49:23+00:00","description":"D\u00e9couvrez notre mod\u00e8le de Palette 800X1200 L\u00e9g\u00e8re avec plancher d\u00e9bordant et 5 planches et 3 semelles. Burban Palettes, vente et recyclage de palettes.","breadcrumb":{"@id":"https:\/\/www.burban-palettes.com\/produit\/palette-800x1200-legere-plancher-debordant\/#breadcrumb"},"inLanguage":"en-US","potentialAction":[{"@type":"ReadAction","target":["https:\/\/www.burban-palettes.com\/produit\/palette-800x1200-legere-plancher-debordant\/"]}]},{"@type":"ImageObject","inLanguage":"en-US","@id":"https:\/\/www.burban-palettes.com\/produit\/palette-800x1200-legere-plancher-debordant\/#primaryimage","url":"https:\/\/www.burban-palettes.com\/wp-content\/uploads\/2021\/01\/Palette-800x1200-LEGERE-plancher-debordant-29badf46.jpg","contentUrl":"https:\/\/www.burban-palettes.com\/wp-content\/uploads\/2021\/01\/Palette-800x1200-LEGERE-plancher-debordant-29badf46.jpg","width":490,"height":255,"caption":"BURBAN PALETTES - Palette l\u00e9g\u00e8re plancher d\u00e9bordant"},{"@type":"BreadcrumbList","@id":"https:\/\/www.burban-palettes.com\/produit\/palette-800x1200-legere-plancher-debordant\/#breadcrumb","itemListElement":[{"@type":"ListItem","position":1,"name":"Accueil","item":"https:\/\/www.burban-palettes.com\/"},{"@type":"ListItem","position":2,"name":"Boutique","item":"https:\/\/www.burban-palettes.com\/en\/boutique\/"},{"@type":"ListItem","position":3,"name":"Palette 800X1200 L\u00e9g\u00e8re plancher d\u00e9bordant"}]},{"@type":"WebSite","@id":"https:\/\/www.burban-palettes.com\/#website","url":"https:\/\/www.burban-palettes.com\/","name":"BURBAN PALETTES","description":"Sp\u00e9cialiste de la collecte, du tri et de la r\u00e9paration de palettes","publisher":{"@id":"https:\/\/www.burban-palettes.com\/#organization"},"alternateName":"BURBAN PALETTES","potentialAction":[{"@type":"SearchAction","target":{"@type":"EntryPoint","urlTemplate":"https:\/\/www.burban-palettes.com\/?s={search_term_string}"},"query-input":{"@type":"PropertyValueSpecification","valueRequired":true,"valueName":"search_term_string"}}],"inLanguage":"en-US"},{"@type":"Organization","@id":"https:\/\/www.burban-palettes.com\/#organization","name":"BURBAN PALETTES","url":"https:\/\/www.burban-palettes.com\/","logo":{"@type":"ImageObject","inLanguage":"en-US","@id":"https:\/\/www.burban-palettes.com\/#\/schema\/logo\/image\/","url":"https:\/\/www.burban-palettes.com\/wp-content\/uploads\/2021\/01\/burban-palettes-logotype.png","contentUrl":"https:\/\/www.burban-palettes.com\/wp-content\/uploads\/2021\/01\/burban-palettes-logotype.png","width":300,"height":267,"caption":"BURBAN PALETTES"},"image":{"@id":"https:\/\/www.burban-palettes.com\/#\/schema\/logo\/image\/"},"sameAs":["https:\/\/x.com\/Burban_Palettes","https:\/\/www.linkedin.com\/company\/burban-palettes-recyclage\/","https:\/\/www.youtube.com\/channel\/UCLBD-iHfRcI6r3o9lrB_D2w"]}]}},"_links":{"self":[{"href":"https:\/\/www.burban-palettes.com\/en\/wp-json\/wp\/v2\/product\/6265","targetHints":{"allow":["GET"]}}],"collection":[{"href":"https:\/\/www.burban-palettes.com\/en\/wp-json\/wp\/v2\/product"}],"about":[{"href":"https:\/\/www.burban-palettes.com\/en\/wp-json\/wp\/v2\/types\/product"}],"version-history":[{"count":3,"href":"https:\/\/www.burban-palettes.com\/en\/wp-json\/wp\/v2\/product\/6265\/revisions"}],"predecessor-version":[{"id":6482,"href":"https:\/\/www.burban-palettes.com\/en\/wp-json\/wp\/v2\/product\/6265\/revisions\/6482"}],"wp:featuredmedia":[{"embeddable":true,"href":"https:\/\/www.burban-palettes.com\/en\/wp-json\/wp\/v2\/media\/6266"}],"wp:attachment":[{"href":"https:\/\/www.burban-palettes.com\/en\/wp-json\/wp\/v2\/media?parent=6265"}],"wp:term":[{"taxonomy":"product_brand","embeddable":true,"href":"https:\/\/www.burban-palettes.com\/en\/wp-json\/wp\/v2\/product_brand?post=6265"},{"taxonomy":"product_cat","embeddable":true,"href":"https:\/\/www.burban-palettes.com\/en\/wp-json\/wp\/v2\/product_cat?post=6265"},{"taxonomy":"product_tag","embeddable":true,"href":"https:\/\/www.burban-palettes.com\/en\/wp-json\/wp\/v2\/product_tag?post=6265"}],"curies":[{"name":"wp","href":"https:\/\/api.w.org\/{rel}","templated":true}]}}